{"id":5483,"date":"2018-10-18T09:36:48","date_gmt":"2018-10-18T07:36:48","guid":{"rendered":"https:\/\/www.golf-valgarde.com\/offres-et-tarifs\/"},"modified":"2023-12-21T15:34:06","modified_gmt":"2023-12-21T14:34:06","slug":"offerte-e-tariffe","status":"publish","type":"page","link":"https:\/\/www.golf-valgarde.com\/it\/offerte-e-tariffe\/","title":{"rendered":"Offerte &#038; tariffe"},"content":{"rendered":"<p>[vc_row css=&#8221;.vc_custom_1539943199178{margin-bottom: 30px !important;padding-top: 0px !important;padding-bottom: 0px !important;}&#8221;][vc_column]<div class=\"sc_section custom_paddings1 margin_top_huge margin_bottom_huge\" data-animation=\"animated fadeInUp normal\" style=\"background-image:url(https:\/\/www.golf-valgarde.com\/wp-content\/uploads\/2018\/10\/golf-valgarde.png);background-repeat:no-repeat;background-size:cover;height:420px;\"><div class=\"sc_section_inner\"><div class=\"sc_section_overlay\" style=\"\"><div class=\"sc_section_content padding_on\" style=\"height:420px;\"><div class=\"sc_section_content_wrap\"><div class=\"columns_wrap sc_columns columns_nofluid no_margins sc_columns_count_2\"><div class=\"column-1_2 sc_column_item sc_column_item_1 odd first\"><\/div><div class=\"column-1_2 sc_column_item sc_column_item_2 custom_shadow1 even\" style=\"text-align:center;\"><div class=\"sc_column_item_inner\" style=\"background-color:#b5a84e;\">[vc_column_text css=&#8221;.vc_custom_1633698519721{margin-top: 65px !important;margin-bottom: 65px !important;padding-right: 8% !important;padding-left: 8% !important;}&#8221;]<\/p>\n<h6><span style=\"color: #ffffff;\">Il Golf propone offerte differenti adatte a diverse esigenze: abbonamenti, formule e sconti personalizzati.<\/span><\/h6>\n<p>[\/vc_column_text]<\/div><\/div><\/div><\/div><\/div><\/div><\/div><\/div>[\/vc_column][\/vc_row][vc_row inverse=&#8221;&#8221; css=&#8221;.vc_custom_1539960140676{margin-bottom: 30px !important;}&#8221;][vc_column width=&#8221;1\/4&#8243;][\/vc_column][vc_column width=&#8221;1\/2&#8243;]<a href=\"https:\/\/www.golf-valgarde.com\/wp-content\/uploads\/2023\/12\/Tarifs-2024-Golf-de-Valgarde-LT-4.pdf\" target=\"blank\" class=\"sc_button sc_button_square sc_button_style_filled sc_button_size_medium aligncenter\">SCARICA LA GRIGLIA TARIFFARIA<\/a>[\/vc_column][vc_column width=&#8221;1\/4&#8243;][\/vc_column][\/vc_row][vc_row full_width=&#8221;stretch_row&#8221; css=&#8221;.vc_custom_1456831732527{background-color: #f7f5f1 !important;}&#8221;][vc_column]<div class=\"sc_content content_wrap custom-slider1 \" data-animation=\"animated fadeInUp normal\"><div class=\"columns_wrap sc_columns columns_nofluid sc_columns_count_2 margin_top_medium margin_bottom_medium\"><div class=\"column-1_2 sc_column_item sc_column_item_1 odd first\"><h2 class=\"sc_title sc_title_regular margin_bottom_null\">Offerta speciale<br \/>\n\u2013 di 40 anni<\/h2>[vc_column_text css=&#8221;.vc_custom_1633957552840{margin-bottom: 25px !important;padding-right: 5% !important;}&#8221;]Con l&#8217;intento di sviluppare la disciplina sportiva presso il pubblico under 40, e in collaborazione con il Comit\u00e9 D\u00e9partemental della Ligue PACA e l\u2019ASGV, il <strong>Golf di Valgarde<\/strong> propone un sistema tariffario personalizzato secondo la fascia di \u00e9ta.<\/p>\n<p>Per informazioni sulle offerte riservate agli under 40, il nostro Staff \u00e8 disponbile e lieto di rispondere alle vostre domande.<\/p>\n<p>Inoltre, tutti i golfisti che presenteranno un nuovo abbonato di meno di 50 anni, beneficieranno di una riduzione del 10% sul loro abbonamento (valido una sola volta all&#8217;anno).<\/p>\n<p>&nbsp;<\/p>\n<p><em>\u00a0<\/em>[\/vc_column_text]<\/div><div class=\"column-1_2 sc_column_item sc_column_item_2 even\">[vc_single_image image=&#8221;2793&#8243; img_size=&#8221;full&#8221;]<\/div><\/div><\/div>[\/vc_column][\/vc_row][vc_row][vc_column]<div class=\"sc_content content_wrap custom-slider1 \" data-animation=\"animated fadeInUp normal\"><div class=\"columns_wrap sc_columns columns_nofluid sc_columns_count_2 margin_top_medium margin_bottom_medium\"><div class=\"column-1_2 sc_column_item sc_column_item_1 odd first\">[vc_single_image image=&#8221;2796&#8243; img_size=&#8221;full&#8221;]<\/div><div class=\"column-1_2 sc_column_item sc_column_item_2 even\"><h2 class=\"sc_title sc_title_regular margin_bottom_null\">Scoprite i nostri pacchetti<\/h2>[vc_column_text css=&#8221;.vc_custom_1633958012626{margin-bottom: 25px !important;padding-right: 5% !important;}&#8221;]Junior o adulto, il<strong> Golf di Valgarde<\/strong> propone :<\/p>\n<ul>\n<li>Green fee<\/li>\n<li>Campo pratica<\/li>\n<li>Noleggio di materiale (carrelli, bastoni, ecc.)<\/li>\n<\/ul>\n<p>[\/vc_column_text]<\/div><\/div><\/div>[\/vc_column][\/vc_row][vc_row full_width=&#8221;stretch_row&#8221; css=&#8221;.vc_custom_1456831732527{background-color: #f7f5f1 !important;}&#8221;][vc_column]<div class=\"sc_content content_wrap custom-slider1 \" data-animation=\"animated fadeInUp normal\"><div class=\"columns_wrap sc_columns columns_nofluid sc_columns_count_2 margin_top_medium margin_bottom_medium\"><div class=\"column-1_2 sc_column_item sc_column_item_1 odd first\"><h2 class=\"sc_title sc_title_regular margin_bottom_null\">Abbonnementi \u00ab Happy Welcome \u00bb<\/h2>[vc_column_text css=&#8221;.vc_custom_1633958373889{margin-bottom: 25px !important;padding-right: 5% !important;}&#8221;]Un&#8217;offerta speciale dedicata ai nuovi aderenti\u00a0: \u00ab\u00a0<strong>Happy Welcome<\/strong>\u00a0\u00bb. *<\/p>\n<p><em>* Offerta valida unicamente per le persone che non sono mai state abbonate al Golf di Valgarde (o non abbonate da almeno un anno). Proratizzazione non applicabile.<\/em>[\/vc_column_text]<\/div><div class=\"column-1_2 sc_column_item sc_column_item_2 even\">[vc_single_image image=&#8221;2505&#8243; img_size=&#8221;full&#8221;]<\/div><\/div><\/div>[\/vc_column][\/vc_row][vc_row][vc_column]<div class=\"sc_content content_wrap custom-slider1 \" data-animation=\"animated fadeInUp normal\"><div class=\"columns_wrap sc_columns columns_nofluid sc_columns_count_2 margin_top_medium margin_bottom_medium\"><div class=\"column-1_2 sc_column_item sc_column_item_1 odd first\">[vc_single_image image=&#8221;2799&#8243; img_size=&#8221;full&#8221;]<\/div><div class=\"column-1_2 sc_column_item sc_column_item_2 even\"><h2 class=\"sc_title sc_title_regular margin_top_null margin_bottom_null\">Una grande variet\u00e0 di abbonamenti personalizzabili.<\/h2>[vc_column_text css=&#8221;.vc_custom_1633958967254{margin-bottom: 25px !important;padding-right: 5% !important;}&#8221;]Gli abbonamenti proposti :<\/p>\n<ul>\n<li>Individuale<\/li>\n<li>In coppia<\/li>\n<li>Junior<\/li>\n<li>Principiante<\/li>\n<li>Titolare di carta MDPH 5invalidit\u00e0)<\/li>\n<li>Residenti a La Garde<\/li>\n<\/ul>\n<p><strong>Un abbonamento al Pitch &amp; Putt<\/strong> \u00e8 disponibile per un anno, riservato ai golfisti principianti che non hanno mai sottoscritto un abbonamento al <strong>Golf di Valgarde <\/strong>e che sono<strong> in formazione con i nostri insegnanti.<\/strong><\/p>\n<p><strong>Il Golf propone inoltre ai principianti delle tariffe preferenziali per facilitare il loro accesso al percorso.<\/strong><\/p>\n<ul>\n<li><strong>Pass Valgarde 1 :<\/strong> abbonamento di 6 mesi con accesso illimitato al Pitch&amp;Putt per i primi 2 mesi e 9 buche per i 4 mesi successivi<\/li>\n<li><strong>Pass Valgarde 2 :<\/strong> abbonamento di 6 mesi con accesso illimitato ai percorsi 18 buche, 9 buche e Pitch&amp;Putt.<\/li>\n<\/ul>\n<p>[\/vc_column_text]<\/div><\/div><\/div>[\/vc_column][\/vc_row][vc_row css=&#8221;.vc_custom_1539960082529{margin-bottom: 30px !important;}&#8221;][vc_column width=&#8221;1\/4&#8243;][\/vc_column][vc_column width=&#8221;1\/2&#8243;]<a href=\"https:\/\/www.golf-valgarde.com\/wp-content\/uploads\/2023\/12\/Tarifs-2024-Golf-de-Valgarde-LT-4.pdf\" target=\"blank\" class=\"sc_button sc_button_square sc_button_style_filled sc_button_size_medium aligncenter\">SCARICA LA GRIGLIA TARIFFARIA<\/a>[\/vc_column][vc_column width=&#8221;1\/4&#8243;][\/vc_column][\/vc_row][vc_row full_width=&#8221;stretch_row&#8221; disable_element=&#8221;yes&#8221; css=&#8221;.vc_custom_1608031765428{background-color: #f7f5f1 !important;}&#8221;][vc_column]<div class=\"sc_content content_wrap custom-slider1 \" data-animation=\"animated fadeInUp normal\"><div class=\"columns_wrap sc_columns columns_nofluid sc_columns_count_2 margin_top_medium margin_bottom_medium\"><div class=\"column-1_2 sc_column_item sc_column_item_1 odd first\"><h2 class=\"sc_title sc_title_regular margin_bottom_null\">Offres Sp\u00e9ciales<\/h2>[vc_column_text css=&#8221;.vc_custom_1594309603915{margin-bottom: 25px !important;padding-right: 5% !important;}&#8221;]D\u00e9couvrez nos offres du moment :<\/p>\n<ul>\n<li><strong>PROMO D\u2019\u00c9T\u00c9 :<\/strong> pendant les mois de juillet et ao\u00fbt 1 green-fee + une voiturette + une bouteille d&#8217;eau fra\u00eeche sont \u00e0 79 \u20ac pour tous d\u00e9parts entre 12h et 14h (hors comp\u00e9titions et selon disponibilit\u00e9s)<\/li>\n<li><strong>FORMULE PRACTICE :<\/strong> 2 seaux de balles de Practice + un sandwich + une boisson = 11 \u20ac (disponible tous les jours de 11h30 \u00e0 14h30)<\/li>\n<\/ul>\n<p>[\/vc_column_text]<\/div><div class=\"column-1_2 sc_column_item sc_column_item_2 even\">[vc_single_image image=&#8221;4462&#8243; img_size=&#8221;full&#8221;]<\/div><\/div><\/div>[\/vc_column][\/vc_row][vc_row][vc_column][vc_empty_space][\/vc_column][\/vc_row]<\/p>\n","protected":false},"excerpt":{"rendered":"<p>[vc_row css=&#8221;.vc_custom_1539943199178{margin-bottom: 30px !important;padding-top: 0px !important;padding-bottom: 0px !important;}&#8221;][vc_column][\/vc_column][\/vc_row][vc_row inverse=&#8221;&#8221; css=&#8221;.vc_custom_1539960140676{margin-bottom: 30px !important;}&#8221;][vc_column width=&#8221;1\/4&#8243;][\/vc_column][vc_column width=&#8221;1\/2&#8243;][\/vc_column][vc_column width=&#8221;1\/4&#8243;][\/vc_column][\/vc_row][vc_row full_width=&#8221;stretch_row&#8221; css=&#8221;.vc_custom_1456831732527{background-color: #f7f5f1 !important;}&#8221;][vc_column][\/vc_column][\/vc_row][vc_row][vc_column][\/vc_column][\/vc_row][vc_row full_width=&#8221;stretch_row&#8221; css=&#8221;.vc_custom_1456831732527{background-color: #f7f5f1 !important;}&#8221;][vc_column][\/vc_column][\/vc_row][vc_row][vc_column][\/vc_column][\/vc_row][vc_row css=&#8221;.vc_custom_1539960082529{margin-bottom: 30px !important;}&#8221;][vc_column width=&#8221;1\/4&#8243;][\/vc_column][vc_column width=&#8221;1\/2&#8243;][\/vc_column][vc_column width=&#8221;1\/4&#8243;][\/vc_column][\/vc_row][vc_row full_width=&#8221;stretch_row&#8221; disable_element=&#8221;yes&#8221; css=&#8221;.vc_custom_1608031765428{background-color: #f7f5f1 !important;}&#8221;][vc_column][\/vc_column][\/vc_row][vc_row][vc_column][vc_empty_space][\/vc_column][\/vc_row]<\/p>\n","protected":false},"author":1,"featured_media":0,"parent":0,"menu_order":0,"comment_status":"closed","ping_status":"closed","template":"","meta":[],"yoast_head":"<!-- This site is optimized with the Yoast SEO plugin v15.5 - https:\/\/yoast.com\/wordpress\/plugins\/seo\/ -->\n<title>Offerte &amp; tariffe - Golf de Valgarde<\/title>\n<meta name=\"robots\" content=\"index, follow, max-snippet:-1, max-image-preview:large, max-video-preview:-1\" \/>\n<link rel=\"canonical\" href=\"https:\/\/www.golf-valgarde.com\/it\/offerte-e-tariffe\/\" \/>\n<meta property=\"og:locale\" content=\"it_IT\" \/>\n<meta property=\"og:type\" content=\"article\" \/>\n<meta property=\"og:title\" content=\"Offerte &amp; tariffe - Golf de Valgarde\" \/>\n<meta property=\"og:description\" content=\"[vc_row css=&#8221;.vc_custom_1539943199178{margin-bottom: 30px !important;padding-top: 0px !important;padding-bottom: 0px !important;}&#8221;][vc_column][\/vc_column][\/vc_row][vc_row inverse=&#8221;&#8221; css=&#8221;.vc_custom_1539960140676{margin-bottom: 30px !important;}&#8221;][vc_column width=&#8221;1\/4&#8243;][\/vc_column][vc_column width=&#8221;1\/2&#8243;][\/vc_column][vc_column width=&#8221;1\/4&#8243;][\/vc_column][\/vc_row][vc_row full_width=&#8221;stretch_row&#8221; css=&#8221;.vc_custom_1456831732527{background-color: #f7f5f1 !important;}&#8221;][vc_column][\/vc_column][\/vc_row][vc_row][vc_column][\/vc_column][\/vc_row][vc_row full_width=&#8221;stretch_row&#8221; css=&#8221;.vc_custom_1456831732527{background-color: #f7f5f1 !important;}&#8221;][vc_column][\/vc_column][\/vc_row][vc_row][vc_column][\/vc_column][\/vc_row][vc_row css=&#8221;.vc_custom_1539960082529{margin-bottom: 30px !important;}&#8221;][vc_column width=&#8221;1\/4&#8243;][\/vc_column][vc_column width=&#8221;1\/2&#8243;][\/vc_column][vc_column width=&#8221;1\/4&#8243;][\/vc_column][\/vc_row][vc_row full_width=&#8221;stretch_row&#8221; disable_element=&#8221;yes&#8221; css=&#8221;.vc_custom_1608031765428{background-color: #f7f5f1 !important;}&#8221;][vc_column][\/vc_column][\/vc_row][vc_row][vc_column][vc_empty_space][\/vc_column][\/vc_row]\" \/>\n<meta property=\"og:url\" content=\"https:\/\/www.golf-valgarde.com\/it\/offerte-e-tariffe\/\" \/>\n<meta property=\"og:site_name\" content=\"Golf de Valgarde\" \/>\n<meta property=\"article:publisher\" content=\"https:\/\/www.facebook.com\/golfvalgarde1\/\" \/>\n<meta property=\"article:modified_time\" content=\"2023-12-21T14:34:06+00:00\" \/>\n<meta name=\"twitter:card\" content=\"summary_large_image\" \/>\n<script type=\"application\/ld+json\" class=\"yoast-schema-graph\">{\"@context\":\"https:\/\/schema.org\",\"@graph\":[{\"@type\":\"Organization\",\"@id\":\"https:\/\/www.golf-valgarde.com\/#organization\",\"name\":\"Golf de Valgarde\",\"url\":\"https:\/\/www.golf-valgarde.com\/\",\"sameAs\":[\"https:\/\/www.facebook.com\/golfvalgarde1\/\",\"https:\/\/www.instagram.com\/golfdevalgarde\/\",\"https:\/\/www.youtube.com\/channel\/UC-cAb5vw7tnjOu1Z0Qw_bVQ?reload=9\"],\"logo\":{\"@type\":\"ImageObject\",\"@id\":\"https:\/\/www.golf-valgarde.com\/#logo\",\"inLanguage\":\"it-IT\",\"url\":\"https:\/\/www.golf-valgarde.com\/wp-content\/uploads\/2018\/10\/logo-golf-valgarde.png\",\"width\":486,\"height\":500,\"caption\":\"Golf de Valgarde\"},\"image\":{\"@id\":\"https:\/\/www.golf-valgarde.com\/#logo\"}},{\"@type\":\"WebSite\",\"@id\":\"https:\/\/www.golf-valgarde.com\/#website\",\"url\":\"https:\/\/www.golf-valgarde.com\/\",\"name\":\"Golf de Valgarde\",\"description\":\"\",\"publisher\":{\"@id\":\"https:\/\/www.golf-valgarde.com\/#organization\"},\"potentialAction\":[{\"@type\":\"SearchAction\",\"target\":\"https:\/\/www.golf-valgarde.com\/?s={search_term_string}\",\"query-input\":\"required name=search_term_string\"}],\"inLanguage\":\"it-IT\"},{\"@type\":\"WebPage\",\"@id\":\"https:\/\/www.golf-valgarde.com\/it\/offerte-e-tariffe\/#webpage\",\"url\":\"https:\/\/www.golf-valgarde.com\/it\/offerte-e-tariffe\/\",\"name\":\"Offerte & tariffe - Golf de Valgarde\",\"isPartOf\":{\"@id\":\"https:\/\/www.golf-valgarde.com\/#website\"},\"datePublished\":\"2018-10-18T07:36:48+00:00\",\"dateModified\":\"2023-12-21T14:34:06+00:00\",\"inLanguage\":\"it-IT\",\"potentialAction\":[{\"@type\":\"ReadAction\",\"target\":[\"https:\/\/www.golf-valgarde.com\/it\/offerte-e-tariffe\/\"]}]}]}<\/script>\n<!-- \/ Yoast SEO plugin. -->","_links":{"self":[{"href":"https:\/\/www.golf-valgarde.com\/it\/wp-json\/wp\/v2\/pages\/5483\/"}],"collection":[{"href":"https:\/\/www.golf-valgarde.com\/it\/wp-json\/wp\/v2\/pages\/"}],"about":[{"href":"https:\/\/www.golf-valgarde.com\/it\/wp-json\/wp\/v2\/types\/page\/"}],"author":[{"embeddable":true,"href":"https:\/\/www.golf-valgarde.com\/it\/wp-json\/wp\/v2\/users\/1\/"}],"replies":[{"embeddable":true,"href":"https:\/\/www.golf-valgarde.com\/it\/wp-json\/wp\/v2\/comments\/?post=5483"}],"version-history":[{"count":9,"href":"https:\/\/www.golf-valgarde.com\/it\/wp-json\/wp\/v2\/pages\/5483\/revisions\/"}],"predecessor-version":[{"id":7164,"href":"https:\/\/www.golf-valgarde.com\/it\/wp-json\/wp\/v2\/pages\/5483\/revisions\/7164\/"}],"wp:attachment":[{"href":"https:\/\/www.golf-valgarde.com\/it\/wp-json\/wp\/v2\/media\/?parent=5483"}],"curies":[{"name":"wp","href":"https:\/\/api.w.org\/{rel}","templated":true}]}}