{"id":5455,"date":"2018-10-18T09:58:27","date_gmt":"2018-10-18T07:58:27","guid":{"rendered":"https:\/\/www.golf-valgarde.com\/academie-de-golf\/"},"modified":"2022-03-21T14:32:57","modified_gmt":"2022-03-21T13:32:57","slug":"academie-de-golf","status":"publish","type":"page","link":"https:\/\/www.golf-valgarde.com\/it\/academie-de-golf\/","title":{"rendered":"L&#8217;Accademia di golf"},"content":{"rendered":"<p>[vc_row css=&#8221;.vc_custom_1458226742289{padding-top: 0px !important;padding-bottom: 0px !important;}&#8221;][vc_column]<div class=\"sc_section custom_paddings1 margin_top_huge margin_bottom_huge\" data-animation=\"animated fadeInUp normal\" style=\"background-image:url(https:\/\/www.golf-valgarde.com\/wp-content\/uploads\/2019\/07\/golf-valgarde-pratice-1.png);background-repeat:no-repeat;background-size:cover;\"><div class=\"sc_section_inner\"><div class=\"sc_section_overlay\" style=\"\"><div class=\"sc_section_content padding_on\" style=\"\"><div class=\"sc_section_content_wrap\"><div class=\"columns_wrap sc_columns columns_nofluid no_margins sc_columns_count_2\"><div class=\"column-1_2 sc_column_item sc_column_item_1 odd first\"><\/div><div class=\"column-1_2 sc_column_item sc_column_item_2 custom_shadow1 even\" style=\"text-align:center;\"><div class=\"sc_column_item_inner\" style=\"background-color:#b5a84e;\">[vc_column_text css=&#8221;.vc_custom_1634810911088{margin-top: 65px !important;margin-bottom: 65px !important;padding-right: 8% !important;padding-left: 8% !important;}&#8221;]<\/p>\n<h6><span style=\"color: #ffffff;\">L\u2019Accademia Golf Performance, diretta da <strong>Philippe Adam<\/strong>,<br \/>\npropone corsi destinati a un pubblico adulto di ogni et\u00e0 e una scuola di golf destinata a bambini e ragazzi di et\u00e0 compresa tra i 5 e i 18 anni, da ottobre a fine giogno.<br \/>\n<\/span><\/h6>\n<p>&nbsp;<\/p>\n<p><img loading=\"lazy\" class=\" wp-image-2466 aligncenter\" src=\"https:\/\/prod.digitaddict.com\/golf-valgarde\/wp-content\/uploads\/2018\/10\/golf-performance-300x232.jpg\" alt=\"\" width=\"227\" height=\"189\" \/>[\/vc_column_text]<\/div><\/div><\/div><\/div><\/div><\/div><\/div><\/div>[\/vc_column][\/vc_row][vc_row full_width=&#8221;stretch_row&#8221; css=&#8221;.vc_custom_1456831732527{background-color: #f7f5f1 !important;}&#8221;][vc_column]<div class=\"sc_content content_wrap custom-slider1 \" data-animation=\"animated fadeInUp normal\"><div class=\"columns_wrap sc_columns columns_nofluid sc_columns_count_2 margin_top_medium margin_bottom_medium\"><div class=\"column-1_2 sc_column_item sc_column_item_1 odd first\"><h2 class=\"sc_title sc_title_regular margin_bottom_null\">La scuola di golf<\/h2>[vc_column_text css=&#8221;.vc_custom_1633600424790{margin-bottom: 25px !important;padding-right: 5% !important;}&#8221;]La scuola insegna tutte le basi del golf\u00a0 :<\/p>\n<ul>\n<li>Campo pratica<\/li>\n<li>Putting<\/li>\n<li>Approcci<\/li>\n<li>Simulazioni sul percorso<\/li>\n<li>Pitch and putt<\/li>\n<\/ul>\n<p><strong>La Baby School<\/strong> \u00e8 dedicata ai bambini tra i 5 e i 7 anni e la <strong>Young School<\/strong> ai ragazzi tra i 7 e i 18 anni. Gli alunni sono divisi in gruppi di livelli diversi a seconda dell&#8217;et\u00e0 e del livello di gioco, permettendo in questo modo une progressione adatta al ritmo di chiascuno. Il Golf di Valgarde e i club della regione organizzano, durante tutto l&#8217;anno, diverse competizioni dedicate a bambini e ragazzi.<\/p>\n<p>Il materiale in prestito e le palline di pratica sono inclusi.<\/p>\n<p>[\/vc_column_text]<\/div><div class=\"column-1_2 sc_column_item sc_column_item_2 even\">[vc_single_image image=&#8221;2391&#8243; img_size=&#8221;full&#8221; alignment=&#8221;center&#8221;]<\/div><\/div><\/div>[\/vc_column][\/vc_row][vc_row][vc_column]<div class=\"sc_content content_wrap custom-slider1 \" data-animation=\"animated fadeInUp normal\"><div class=\"columns_wrap sc_columns columns_nofluid sc_columns_count_2 margin_top_medium margin_bottom_medium\"><div class=\"column-1_2 sc_column_item sc_column_item_1 odd first\">[vc_single_image image=&#8221;2811&#8243; img_size=&#8221;full&#8221; alignment=&#8221;center&#8221;]<\/div><div class=\"column-1_2 sc_column_item sc_column_item_2 even\"><h2 class=\"sc_title sc_title_regular margin_bottom_null\">I nostri impegni<\/h2>[vc_column_text css=&#8221;.vc_custom_1647869529427{margin-bottom: 25px !important;padding-right: 5% !important;}&#8221;]<strong>Philippe Adam<\/strong> (golfista professionista) e <strong>Emilien Reversat<\/strong> (golfista professionista sul circuito) si impegnano a rispondere degli obiettivi di qualit\u00e0 sempre pi\u00f9 esigenti, per permettere a tutte le generazioni di beneficiare di un insegnamento di punta.<\/p>\n<ol>\n<li><u>Iniziare e approcciarsi alle basi del golf prendendo in considerazione le capacit\u00e0 e le potenzialit\u00e0 di ogni alunno.<\/u><\/li>\n<li><u>Far condividere la passione per il golf<\/u>.<\/li>\n<li><u>Proporre un insegnamento personalizzato e adatto al ritmo di ciascuno.<\/u><\/li>\n<\/ol>\n<p>[\/vc_column_text]<\/div><\/div><\/div>[\/vc_column][\/vc_row][vc_row full_width=&#8221;stretch_row&#8221; disable_element=&#8221;yes&#8221; css=&#8221;.vc_custom_1633601021838{background-color: #f7f5f1 !important;}&#8221;][vc_column]<div class=\"sc_content content_wrap custom-slider1 \" data-animation=\"animated fadeInUp normal\"><div class=\"columns_wrap sc_columns columns_nofluid sc_columns_count_2 margin_top_medium margin_bottom_medium\"><div class=\"column-1_2 sc_column_item sc_column_item_1 odd first\"><h2 class=\"sc_title sc_title_regular margin_bottom_null\">Zoom sur \u00ab Label D\u00e9veloppement \u00bb<\/h2>[vc_column_text css=&#8221;.vc_custom_1562746999606{margin-bottom: 25px !important;padding-right: 5% !important;}&#8221;]Depuis juin 2018, <strong>l\u2019\u00e9cole de golf du Golf de Valgarde<\/strong> est tr\u00e8s heureuse d\u2019avoir \u00e9t\u00e9 promue \u00ab Label Qualit\u00e9 \u00bb par la <strong>F\u00e9d\u00e9ration Fran\u00e7aise de Golf<\/strong>.<br \/>\nCe \u00ab Label D\u00e9veloppement \u00bb r\u00e9compense <strong>le travail collectif<\/strong>,<strong> l\u2019investissement de l\u2019\u00e9quipe p\u00e9dagogique<\/strong> et <strong>la qualit\u00e9 de l\u2019enseignement<\/strong>.[\/vc_column_text]<\/div><div class=\"column-1_2 sc_column_item sc_column_item_2 even\">[vc_single_image image=&#8221;2119&#8243; img_size=&#8221;full&#8221; alignment=&#8221;center&#8221;]<\/div><\/div><\/div>[\/vc_column][\/vc_row][vc_row][vc_column]<div class=\"sc_content content_wrap custom-slider1 \" data-animation=\"animated fadeInUp normal\"><div class=\"columns_wrap sc_columns columns_nofluid sc_columns_count_2 margin_top_medium margin_bottom_medium\"><div class=\"column-1_2 sc_column_item sc_column_item_1 odd first\"><h2 class=\"sc_title sc_title_regular margin_bottom_null\">Il metodo \u00ab Stack and Tilt \u00bb<\/h2>[vc_column_text css=&#8221;.vc_custom_1647869573218{margin-bottom: 25px !important;padding-right: 5% !important;}&#8221;]Oltre ai metodi di insegnamento classici, il <strong>Golf di Valgarde<\/strong> vi propone il metodo<strong>\u00a0Stack and Tilt<\/strong>, una nuova e rivoluzionaria tecnica di apprendimento proveniente dagli USA.<\/p>\n<p><strong>Stack and Tilt<\/strong> \u00e8 un sistema creato, circo 15 anni fa, da due giocatori del circuito americano (PGA Tour) e da alcuni insegnanti, partendo dai fondamenti della biomeccamica dello swing (come il libro Golfing Machine apparso negli anni 60\/70, uno dei primi approcci scientifici allo swing).<\/p>\n<p>Questa formazione consiste nel lavorare sulla qualit\u00e0 dell&#8217;impatto palla\/zolla per creare un movimento potente, senza sforzi o rischi di traumi per la schiena.<\/p>\n<p><strong>Le parole di Philippe ADAM, istruttore Stack and Tilt :<\/strong><br \/>\n<em>\u00abAvendo testato questo metodo su diversi profili sportivi, possiamo constatare che il movimento \u00e8 molto pi\u00f9 semplice da riprodurre e che il miglioramento dell&#8217;impatto con la palla \u00e8 immediato e significativo.<\/em><\/p>\n<p><em>L&#8217;acquisizione dei giusti movimenti permette, a ogni giocatore (principiante o esperto) e a qualsiasi et\u00e0, di realizzare un movimento facile da riprodurre et estremamente efficace. \u00bb<br \/>\n<\/em><br \/>\nPer maggiori informazioni, contattate i nostri insegnanti <strong>Head Pro<\/strong> :<\/p>\n<p><strong>Philippe Adam<\/strong> \u2013 06 85 71 71 16<\/p>\n<p><strong>Emilien Reversat<\/strong> \u2013 06 16 16 48 50<\/p>\n<p><strong>Paul Lesage<\/strong>\u00a0\u2013 06 63 77 60 84<\/p>\n<p>[\/vc_column_text]<\/div><div class=\"column-1_2 sc_column_item sc_column_item_2 even\">[vc_single_image image=&#8221;2919&#8243; img_size=&#8221;full&#8221; alignment=&#8221;center&#8221;]<\/div><\/div><\/div>[\/vc_column][\/vc_row][vc_row][vc_column][vc_btn title=&#8221;SCARICA LA GRIGLIA TARIFFARIA 2021\/2022&#8243; style=&#8221;flat&#8221; shape=&#8221;square&#8221; color=&#8221;green&#8221; size=&#8221;lg&#8221; align=&#8221;center&#8221; css_animation=&#8221;fadeInUp&#8221; link=&#8221;url:https%3A%2F%2Fwww.golf-valgarde.com%2Fwp-content%2Fuploads%2F2021%2F10%2Ftarifs-enseignement-valgarde-2021-2022.pdf|target:_blank&#8221;][\/vc_column][\/vc_row][vc_row][vc_column][vc_empty_space][\/vc_column][\/vc_row]<\/p>\n","protected":false},"excerpt":{"rendered":"<p>[vc_row css=&#8221;.vc_custom_1458226742289{padding-top: 0px !important;padding-bottom: 0px !important;}&#8221;][vc_column][\/vc_column][\/vc_row][vc_row full_width=&#8221;stretch_row&#8221; css=&#8221;.vc_custom_1456831732527{background-color: #f7f5f1 !important;}&#8221;][vc_column][\/vc_column][\/vc_row][vc_row][vc_column][\/vc_column][\/vc_row][vc_row full_width=&#8221;stretch_row&#8221; disable_element=&#8221;yes&#8221; css=&#8221;.vc_custom_1633601021838{background-color: #f7f5f1 !important;}&#8221;][vc_column][\/vc_column][\/vc_row][vc_row][vc_column][\/vc_column][\/vc_row][vc_row][vc_column][vc_btn title=&#8221;SCARICA LA GRIGLIA TARIFFARIA 2021\/2022&#8243; style=&#8221;flat&#8221; shape=&#8221;square&#8221; color=&#8221;green&#8221; size=&#8221;lg&#8221; align=&#8221;center&#8221; css_animation=&#8221;fadeInUp&#8221; link=&#8221;url:https%3A%2F%2Fwww.golf-valgarde.com%2Fwp-content%2Fuploads%2F2021%2F10%2Ftarifs-enseignement-valgarde-2021-2022.pdf|target:_blank&#8221;][\/vc_column][\/vc_row][vc_row][vc_column][vc_empty_space][\/vc_column][\/vc_row]<\/p>\n","protected":false},"author":1,"featured_media":0,"parent":0,"menu_order":0,"comment_status":"closed","ping_status":"closed","template":"","meta":[],"yoast_head":"<!-- This site is optimized with the Yoast SEO plugin v15.5 - https:\/\/yoast.com\/wordpress\/plugins\/seo\/ -->\n<title>L&#039;Accademia di golf - Golf de Valgarde<\/title>\n<meta name=\"robots\" content=\"index, follow, max-snippet:-1, max-image-preview:large, max-video-preview:-1\" \/>\n<link rel=\"canonical\" href=\"https:\/\/www.golf-valgarde.com\/it\/academie-de-golf\/\" \/>\n<meta property=\"og:locale\" content=\"it_IT\" \/>\n<meta property=\"og:type\" content=\"article\" \/>\n<meta property=\"og:title\" content=\"L&#039;Accademia di golf - Golf de Valgarde\" \/>\n<meta property=\"og:description\" content=\"[vc_row css=&#8221;.vc_custom_1458226742289{padding-top: 0px !important;padding-bottom: 0px !important;}&#8221;][vc_column][\/vc_column][\/vc_row][vc_row full_width=&#8221;stretch_row&#8221; css=&#8221;.vc_custom_1456831732527{background-color: #f7f5f1 !important;}&#8221;][vc_column][\/vc_column][\/vc_row][vc_row][vc_column][\/vc_column][\/vc_row][vc_row full_width=&#8221;stretch_row&#8221; disable_element=&#8221;yes&#8221; css=&#8221;.vc_custom_1633601021838{background-color: #f7f5f1 !important;}&#8221;][vc_column][\/vc_column][\/vc_row][vc_row][vc_column][\/vc_column][\/vc_row][vc_row][vc_column][vc_btn title=&#8221;SCARICA LA GRIGLIA TARIFFARIA 2021\/2022&#8243; style=&#8221;flat&#8221; shape=&#8221;square&#8221; color=&#8221;green&#8221; size=&#8221;lg&#8221; align=&#8221;center&#8221; css_animation=&#8221;fadeInUp&#8221; link=&#8221;url:https%3A%2F%2Fwww.golf-valgarde.com%2Fwp-content%2Fuploads%2F2021%2F10%2Ftarifs-enseignement-valgarde-2021-2022.pdf|target:_blank&#8221;][\/vc_column][\/vc_row][vc_row][vc_column][vc_empty_space][\/vc_column][\/vc_row]\" \/>\n<meta property=\"og:url\" content=\"https:\/\/www.golf-valgarde.com\/it\/academie-de-golf\/\" \/>\n<meta property=\"og:site_name\" content=\"Golf de Valgarde\" \/>\n<meta property=\"article:publisher\" content=\"https:\/\/www.facebook.com\/golfvalgarde1\/\" \/>\n<meta property=\"article:modified_time\" content=\"2022-03-21T13:32:57+00:00\" \/>\n<meta property=\"og:image\" content=\"https:\/\/prod.digitaddict.com\/golf-valgarde\/wp-content\/uploads\/2018\/10\/golf-performance-300x232.jpg\" \/>\n<meta name=\"twitter:card\" content=\"summary_large_image\" \/>\n<script type=\"application\/ld+json\" class=\"yoast-schema-graph\">{\"@context\":\"https:\/\/schema.org\",\"@graph\":[{\"@type\":\"Organization\",\"@id\":\"https:\/\/www.golf-valgarde.com\/#organization\",\"name\":\"Golf de Valgarde\",\"url\":\"https:\/\/www.golf-valgarde.com\/\",\"sameAs\":[\"https:\/\/www.facebook.com\/golfvalgarde1\/\",\"https:\/\/www.instagram.com\/golfdevalgarde\/\",\"https:\/\/www.youtube.com\/channel\/UC-cAb5vw7tnjOu1Z0Qw_bVQ?reload=9\"],\"logo\":{\"@type\":\"ImageObject\",\"@id\":\"https:\/\/www.golf-valgarde.com\/#logo\",\"inLanguage\":\"it-IT\",\"url\":\"https:\/\/www.golf-valgarde.com\/wp-content\/uploads\/2018\/10\/logo-golf-valgarde.png\",\"width\":486,\"height\":500,\"caption\":\"Golf de Valgarde\"},\"image\":{\"@id\":\"https:\/\/www.golf-valgarde.com\/#logo\"}},{\"@type\":\"WebSite\",\"@id\":\"https:\/\/www.golf-valgarde.com\/#website\",\"url\":\"https:\/\/www.golf-valgarde.com\/\",\"name\":\"Golf de Valgarde\",\"description\":\"\",\"publisher\":{\"@id\":\"https:\/\/www.golf-valgarde.com\/#organization\"},\"potentialAction\":[{\"@type\":\"SearchAction\",\"target\":\"https:\/\/www.golf-valgarde.com\/?s={search_term_string}\",\"query-input\":\"required name=search_term_string\"}],\"inLanguage\":\"it-IT\"},{\"@type\":\"ImageObject\",\"@id\":\"https:\/\/www.golf-valgarde.com\/it\/academie-de-golf\/#primaryimage\",\"inLanguage\":\"it-IT\",\"url\":\"https:\/\/prod.digitaddict.com\/golf-valgarde\/wp-content\/uploads\/2018\/10\/golf-performance-300x232.jpg\"},{\"@type\":\"WebPage\",\"@id\":\"https:\/\/www.golf-valgarde.com\/it\/academie-de-golf\/#webpage\",\"url\":\"https:\/\/www.golf-valgarde.com\/it\/academie-de-golf\/\",\"name\":\"L'Accademia di golf - Golf de Valgarde\",\"isPartOf\":{\"@id\":\"https:\/\/www.golf-valgarde.com\/#website\"},\"primaryImageOfPage\":{\"@id\":\"https:\/\/www.golf-valgarde.com\/it\/academie-de-golf\/#primaryimage\"},\"datePublished\":\"2018-10-18T07:58:27+00:00\",\"dateModified\":\"2022-03-21T13:32:57+00:00\",\"inLanguage\":\"it-IT\",\"potentialAction\":[{\"@type\":\"ReadAction\",\"target\":[\"https:\/\/www.golf-valgarde.com\/it\/academie-de-golf\/\"]}]}]}<\/script>\n<!-- \/ Yoast SEO plugin. -->","_links":{"self":[{"href":"https:\/\/www.golf-valgarde.com\/it\/wp-json\/wp\/v2\/pages\/5455\/"}],"collection":[{"href":"https:\/\/www.golf-valgarde.com\/it\/wp-json\/wp\/v2\/pages\/"}],"about":[{"href":"https:\/\/www.golf-valgarde.com\/it\/wp-json\/wp\/v2\/types\/page\/"}],"author":[{"embeddable":true,"href":"https:\/\/www.golf-valgarde.com\/it\/wp-json\/wp\/v2\/users\/1\/"}],"replies":[{"embeddable":true,"href":"https:\/\/www.golf-valgarde.com\/it\/wp-json\/wp\/v2\/comments\/?post=5455"}],"version-history":[{"count":9,"href":"https:\/\/www.golf-valgarde.com\/it\/wp-json\/wp\/v2\/pages\/5455\/revisions\/"}],"predecessor-version":[{"id":5901,"href":"https:\/\/www.golf-valgarde.com\/it\/wp-json\/wp\/v2\/pages\/5455\/revisions\/5901\/"}],"wp:attachment":[{"href":"https:\/\/www.golf-valgarde.com\/it\/wp-json\/wp\/v2\/media\/?parent=5455"}],"curies":[{"name":"wp","href":"https:\/\/api.w.org\/{rel}","templated":true}]}}