{"id":5437,"date":"2019-07-10T09:20:29","date_gmt":"2019-07-10T07:20:29","guid":{"rendered":"https:\/\/www.golf-valgarde.com\/le-golf-et-ses-equipements\/"},"modified":"2021-10-20T10:20:34","modified_gmt":"2021-10-20T08:20:34","slug":"il-golf-e-tutte-le-sue-strutture","status":"publish","type":"page","link":"https:\/\/www.golf-valgarde.com\/it\/il-golf-e-tutte-le-sue-strutture\/","title":{"rendered":"Il Golf e tutte le sue strutture"},"content":{"rendered":"<p>[vc_row css=&#8221;.vc_custom_1458226742289{padding-top: 0px !important;padding-bottom: 0px !important;}&#8221;][vc_column]<div class=\"sc_section custom_paddings1 margin_top_huge margin_bottom_huge\" data-animation=\"animated fadeInUp normal\" style=\"background-image:url(https:\/\/www.golf-valgarde.com\/wp-content\/uploads\/2019\/07\/golf-valgarde-vue-aerienne-2-1.png);background-repeat:no-repeat;background-size:cover;\"><div class=\"sc_section_inner\"><div class=\"sc_section_overlay\" style=\"\"><div class=\"sc_section_content padding_on\" style=\"\"><div class=\"sc_section_content_wrap\"><div class=\"columns_wrap sc_columns columns_nofluid no_margins sc_columns_count_2\"><div class=\"column-1_2 sc_column_item sc_column_item_1 odd first\"><\/div><div class=\"column-1_2 sc_column_item sc_column_item_2 custom_shadow1 even\" style=\"text-align:center;\"><div class=\"sc_column_item_inner\" style=\"background-color:#c58d1c;\">[vc_column_text css=&#8221;.vc_custom_1634717697752{margin-top: 65px !important;margin-bottom: 65px !important;padding-right: 8% !important;padding-left: 8% !important;}&#8221;]<\/p>\n<h6><span style=\"color: #ffffff;\">Dalla sua creazione fino a oggi, <strong>il Golf di Valgarde<\/strong> si impegna a rafforzare lo spirito golfistico attraverso strutture di ottimo liverllo adatte all&#8217;allenamento e alle competizioni.<\/span><\/h6>\n<p>[\/vc_column_text]<\/div><\/div><\/div><\/div><\/div><\/div><\/div><\/div>[\/vc_column][\/vc_row][vc_row][vc_column][vc_column_text]<iframe title=\"GOLF DE VALGARDE\" width=\"1170\" height=\"658\" src=\"https:\/\/www.youtube.com\/embed\/DM7s6EmO6NQ?feature=oembed\" frameborder=\"0\" allow=\"accelerometer; autoplay; clipboard-write; encrypted-media; gyroscope; picture-in-picture\" allowfullscreen><\/iframe>[\/vc_column_text][\/vc_column][\/vc_row][vc_row full_width=&#8221;stretch_row&#8221; css=&#8221;.vc_custom_1456831732527{background-color: #f7f5f1 !important;}&#8221;][vc_column]<div class=\"sc_content content_wrap custom-slider1 \" data-animation=\"animated fadeInUp normal\"><div class=\"columns_wrap sc_columns columns_nofluid sc_columns_count_2 margin_top_medium margin_bottom_medium\"><div class=\"column-1_2 sc_column_item sc_column_item_1 odd first\"><h2 class=\"sc_title sc_title_regular margin_bottom_null\">Delle strutture competitive per tutti i livelli di gioco<\/h2>[vc_column_text css=&#8221;.vc_custom_1633530702826{margin-bottom: 25px !important;padding-right: 5% !important;}&#8221;]Il Golf di Valgarde dispone di un <strong>campo pratica di 60 postazioni<\/strong>, di cui 20 coperte e 8 illuminate, e di une <strong>zona di chipping su erba<\/strong>, entrambi accessibili a tutti, giocatori principianti e esperti.<\/p>\n<p>L&#8217;illuminazione ottimale permettera ai pi\u00f9 appassionati di utilizzare i nostri spazi a qualsiasi ora del giorno.<\/p>\n<p>Per perfezionare il proprio gioco, il <strong>Pitch &amp; Putt dispone di 4 buche compatte da 50 a 80 metri <\/strong>oltre a<strong> un chipping-green di 300 m2.<\/strong><\/p>\n<p>I giocatori esperti potranno cos\u00ec perfezionare la tecnica mentre i principianti apprezzeranno la possibilit\u00e0 di allenarsi su questo percorso ridotto.<\/p>\n<p>Inoltre, <strong>due green d&#8217;allenamento, di<\/strong><strong> 1000 m2<\/strong> circa, sono stati realizzati per offrire un&#8217;esperienza unica all&#8217;insegna dello spirito golfistico e delle condizioni ideali al miglioramento della tecnica.[\/vc_column_text]<\/div><div class=\"column-1_2 sc_column_item sc_column_item_2 even\">[vc_single_image image=&#8221;2425&#8243; img_size=&#8221;full&#8221;]<\/div><\/div><\/div>[\/vc_column][\/vc_row][vc_row][vc_column]<div class=\"sc_content content_wrap custom-slider1 \" data-animation=\"animated fadeInUp normal\"><div class=\"columns_wrap sc_columns columns_nofluid sc_columns_count_2 margin_top_medium margin_bottom_medium\"><div class=\"column-1_2 sc_column_item sc_column_item_1 odd first\">[vc_single_image image=&#8221;2759&#8243; img_size=&#8221;full&#8221;]<\/div><div class=\"column-1_2 sc_column_item sc_column_item_2 even\"><h2 class=\"sc_title sc_title_regular margin_bottom_null\">Competizioni prestigiose<\/h2>[vc_column_text css=&#8221;.vc_custom_1634222349841{margin-bottom: 25px !important;padding-right: 5% !important;}&#8221;]Grazie alla variet\u00e0 e alla qualit\u00e0 delle installazioni messe \u00e0 disposizione dei golfisti, <strong>il Golf di Valgarde<\/strong> accoglie numerose e prestigiose competizioni quali:<\/p>\n<ul>\n<li><strong>Le Competizioni C\u00f4t\u00e9 Golf<\/strong><\/li>\n<li><strong>Il Crit\u00e9rium<\/strong><\/li>\n<li><strong>Il Grand Prix<\/strong><\/li>\n<li><strong>Le Competizioni MIDAM<\/strong><\/li>\n<li><strong>I Trofei SENIORS<\/strong><\/li>\n<\/ul>\n<p>[\/vc_column_text]<\/div><\/div><\/div>[\/vc_column][\/vc_row][vc_section full_width=&#8221;stretch_row&#8221; content_placement=&#8221;middle&#8221; parallax=&#8221;content-moving-fade&#8221; parallax_image=&#8221;2777&#8243; css=&#8221;.vc_custom_1562743519252{padding-top: 150px !important;padding-bottom: 150px !important;}&#8221;][vc_row][vc_column][vc_column_text]<\/p>\n<h2 style=\"text-align: center;\"><span style=\"color: #ffffff;\">Una grande variet\u00e0 di spazi ricettivi <\/span><\/h2>\n<p>[\/vc_column_text][vc_column_text css=&#8221;.vc_custom_1634716532786{margin-top: 15px !important;margin-bottom: 15px !important;padding-right: 8% !important;padding-left: 8% !important;}&#8221;]<\/p>\n<p style=\"text-align: center;\"><span style=\"color: #ffffff;\">Per il benessere dei giocatori e dei membri del club,<strong> il Golf di Valgarde<\/strong> propone anche <strong>diverse strutture ricettive<\/strong> privatizzabili come il <strong>ristorante<\/strong>, la <strong>terrazza<\/strong> <strong>panoramica<\/strong><br \/>\ne la sua <strong>club<\/strong> <strong>house<\/strong> per godere di une vista privilegiata sulla tenuta.<br \/>\n<\/span><br \/>\n<span style=\"color: #ffffff;\">Una boutique specializzata completa l&#8217;offerta di servizi dedicata ai membri del Golf e ai visitatori.<\/span><\/p>\n<p>[\/vc_column_text][\/vc_column][\/vc_row][\/vc_section]<\/p>\n","protected":false},"excerpt":{"rendered":"<p>[vc_row css=&#8221;.vc_custom_1458226742289{padding-top: 0px !important;padding-bottom: 0px !important;}&#8221;][vc_column][\/vc_column][\/vc_row][vc_row][vc_column][vc_column_text][\/vc_column_text][\/vc_column][\/vc_row][vc_row full_width=&#8221;stretch_row&#8221; css=&#8221;.vc_custom_1456831732527{background-color: #f7f5f1 !important;}&#8221;][vc_column][\/vc_column][\/vc_row][vc_row][vc_column][\/vc_column][\/vc_row][vc_section full_width=&#8221;stretch_row&#8221; content_placement=&#8221;middle&#8221; parallax=&#8221;content-moving-fade&#8221; parallax_image=&#8221;2777&#8243; css=&#8221;.vc_custom_1562743519252{padding-top: 150px !important;padding-bottom: 150px !important;}&#8221;][vc_row][vc_column][vc_column_text] Una grande variet\u00e0 di spazi ricettivi [\/vc_column_text][vc_column_text css=&#8221;.vc_custom_1634716532786{margin-top: 15px !important;margin-bottom: 15px !important;padding-right: 8% !important;padding-left: 8% !important;}&#8221;] Per il benessere dei giocatori e dei membri del club, il Golf di Valgarde propone anche diverse strutture ricettive privatizzabili [&hellip;]<\/p>\n","protected":false},"author":1,"featured_media":0,"parent":0,"menu_order":0,"comment_status":"closed","ping_status":"closed","template":"","meta":[],"yoast_head":"<!-- This site is optimized with the Yoast SEO plugin v15.5 - https:\/\/yoast.com\/wordpress\/plugins\/seo\/ -->\n<title>Il Golf e tutte le sue strutture - Golf de Valgarde<\/title>\n<meta name=\"robots\" content=\"index, follow, max-snippet:-1, max-image-preview:large, max-video-preview:-1\" \/>\n<link rel=\"canonical\" href=\"https:\/\/www.golf-valgarde.com\/it\/il-golf-e-tutte-le-sue-strutture\/\" \/>\n<meta property=\"og:locale\" content=\"it_IT\" \/>\n<meta property=\"og:type\" content=\"article\" \/>\n<meta property=\"og:title\" content=\"Il Golf e tutte le sue strutture - Golf de Valgarde\" \/>\n<meta property=\"og:description\" content=\"[vc_row css=&#8221;.vc_custom_1458226742289{padding-top: 0px !important;padding-bottom: 0px !important;}&#8221;][vc_column][\/vc_column][\/vc_row][vc_row][vc_column][vc_column_text][\/vc_column_text][\/vc_column][\/vc_row][vc_row full_width=&#8221;stretch_row&#8221; css=&#8221;.vc_custom_1456831732527{background-color: #f7f5f1 !important;}&#8221;][vc_column][\/vc_column][\/vc_row][vc_row][vc_column][\/vc_column][\/vc_row][vc_section full_width=&#8221;stretch_row&#8221; content_placement=&#8221;middle&#8221; parallax=&#8221;content-moving-fade&#8221; parallax_image=&#8221;2777&#8243; css=&#8221;.vc_custom_1562743519252{padding-top: 150px !important;padding-bottom: 150px !important;}&#8221;][vc_row][vc_column][vc_column_text] Una grande variet\u00e0 di spazi ricettivi [\/vc_column_text][vc_column_text css=&#8221;.vc_custom_1634716532786{margin-top: 15px !important;margin-bottom: 15px !important;padding-right: 8% !important;padding-left: 8% !important;}&#8221;] Per il benessere dei giocatori e dei membri del club, il Golf di Valgarde propone anche diverse strutture ricettive privatizzabili [&hellip;]\" \/>\n<meta property=\"og:url\" content=\"https:\/\/www.golf-valgarde.com\/it\/il-golf-e-tutte-le-sue-strutture\/\" \/>\n<meta property=\"og:site_name\" content=\"Golf de Valgarde\" \/>\n<meta property=\"article:publisher\" content=\"https:\/\/www.facebook.com\/golfvalgarde1\/\" \/>\n<meta property=\"article:modified_time\" content=\"2021-10-20T08:20:34+00:00\" \/>\n<meta name=\"twitter:card\" content=\"summary_large_image\" \/>\n<script type=\"application\/ld+json\" class=\"yoast-schema-graph\">{\"@context\":\"https:\/\/schema.org\",\"@graph\":[{\"@type\":\"Organization\",\"@id\":\"https:\/\/www.golf-valgarde.com\/#organization\",\"name\":\"Golf de Valgarde\",\"url\":\"https:\/\/www.golf-valgarde.com\/\",\"sameAs\":[\"https:\/\/www.facebook.com\/golfvalgarde1\/\",\"https:\/\/www.instagram.com\/golfdevalgarde\/\",\"https:\/\/www.youtube.com\/channel\/UC-cAb5vw7tnjOu1Z0Qw_bVQ?reload=9\"],\"logo\":{\"@type\":\"ImageObject\",\"@id\":\"https:\/\/www.golf-valgarde.com\/#logo\",\"inLanguage\":\"it-IT\",\"url\":\"https:\/\/www.golf-valgarde.com\/wp-content\/uploads\/2018\/10\/logo-golf-valgarde.png\",\"width\":486,\"height\":500,\"caption\":\"Golf de Valgarde\"},\"image\":{\"@id\":\"https:\/\/www.golf-valgarde.com\/#logo\"}},{\"@type\":\"WebSite\",\"@id\":\"https:\/\/www.golf-valgarde.com\/#website\",\"url\":\"https:\/\/www.golf-valgarde.com\/\",\"name\":\"Golf de Valgarde\",\"description\":\"\",\"publisher\":{\"@id\":\"https:\/\/www.golf-valgarde.com\/#organization\"},\"potentialAction\":[{\"@type\":\"SearchAction\",\"target\":\"https:\/\/www.golf-valgarde.com\/?s={search_term_string}\",\"query-input\":\"required name=search_term_string\"}],\"inLanguage\":\"it-IT\"},{\"@type\":\"WebPage\",\"@id\":\"https:\/\/www.golf-valgarde.com\/it\/il-golf-e-tutte-le-sue-strutture\/#webpage\",\"url\":\"https:\/\/www.golf-valgarde.com\/it\/il-golf-e-tutte-le-sue-strutture\/\",\"name\":\"Il Golf e tutte le sue strutture - Golf de Valgarde\",\"isPartOf\":{\"@id\":\"https:\/\/www.golf-valgarde.com\/#website\"},\"datePublished\":\"2019-07-10T07:20:29+00:00\",\"dateModified\":\"2021-10-20T08:20:34+00:00\",\"inLanguage\":\"it-IT\",\"potentialAction\":[{\"@type\":\"ReadAction\",\"target\":[\"https:\/\/www.golf-valgarde.com\/it\/il-golf-e-tutte-le-sue-strutture\/\"]}]}]}<\/script>\n<!-- \/ Yoast SEO plugin. -->","_links":{"self":[{"href":"https:\/\/www.golf-valgarde.com\/it\/wp-json\/wp\/v2\/pages\/5437\/"}],"collection":[{"href":"https:\/\/www.golf-valgarde.com\/it\/wp-json\/wp\/v2\/pages\/"}],"about":[{"href":"https:\/\/www.golf-valgarde.com\/it\/wp-json\/wp\/v2\/types\/page\/"}],"author":[{"embeddable":true,"href":"https:\/\/www.golf-valgarde.com\/it\/wp-json\/wp\/v2\/users\/1\/"}],"replies":[{"embeddable":true,"href":"https:\/\/www.golf-valgarde.com\/it\/wp-json\/wp\/v2\/comments\/?post=5437"}],"version-history":[{"count":10,"href":"https:\/\/www.golf-valgarde.com\/it\/wp-json\/wp\/v2\/pages\/5437\/revisions\/"}],"predecessor-version":[{"id":5441,"href":"https:\/\/www.golf-valgarde.com\/it\/wp-json\/wp\/v2\/pages\/5437\/revisions\/5441\/"}],"wp:attachment":[{"href":"https:\/\/www.golf-valgarde.com\/it\/wp-json\/wp\/v2\/media\/?parent=5437"}],"curies":[{"name":"wp","href":"https:\/\/api.w.org\/{rel}","templated":true}]}}